{"id":53,"date":"2021-03-13T01:26:17","date_gmt":"2021-03-13T01:26:17","guid":{"rendered":"http:\/\/beracavalley.com\/?page_id=53"},"modified":"2024-12-06T17:43:55","modified_gmt":"2024-12-06T17:43:55","slug":"nosotros","status":"publish","type":"page","link":"https:\/\/beracavalley.com\/?page_id=53","title":{"rendered":"Nosotros"},"content":{"rendered":"<div data-colibri-id=\"53-c1\" class=\"style-397 style-local-53-c1 position-relative\">\n  <!---->\n  <div data-colibri-component=\"section\" data-colibri-id=\"53-c2\" id=\"about\" class=\"h-section h-section-global-spacing d-flex align-items-lg-center align-items-md-center align-items-center style-399 style-local-53-c2 position-relative\">\n    <!---->\n    <!---->\n    <div class=\"h-section-grid-container h-section-boxed-container\">\n      <!---->\n      <div data-colibri-id=\"53-c3\" class=\"h-row-container gutters-row-lg-2 gutters-row-md-2 gutters-row-0 gutters-row-v-lg-2 gutters-row-v-md-2 gutters-row-v-2 style-400 style-local-53-c3 position-relative\">\n        <!---->\n        <div class=\"h-row justify-content-lg-center justify-content-md-center justify-content-center align-items-lg-stretch align-items-md-stretch align-items-stretch gutters-col-lg-2 gutters-col-md-2 gutters-col-0 gutters-col-v-lg-2 gutters-col-v-md-2 gutters-col-v-2\">\n          <!---->\n          <div class=\"h-column h-column-container d-flex h-col-lg-6 h-col-md-6 h-col-12 style-401-outer style-local-53-c4-outer\">\n            <div data-colibri-id=\"53-c4\" class=\"d-flex h-flex-basis h-column__inner h-px-lg-2 h-px-md-2 h-px-2 v-inner-lg-2 v-inner-md-2 v-inner-2 style-401 style-local-53-c4 position-relative\">\n              <!---->\n              <!---->\n              <div class=\"w-100 h-y-container h-column__content h-column__v-align flex-basis-100 align-self-lg-start align-self-md-start align-self-start\">\n                <!---->\n                <div data-colibri-id=\"53-c5\" class=\"h-global-transition-all h-heading style-402 style-local-53-c5 position-relative h-element\">\n                  <!---->\n                  <div class=\"h-heading__outer style-402 style-local-53-c5\">\n                    <!---->\n                    <!---->\n                    <h3 class=\"\">SOBRE<\/h3>\n                  <\/div>\n                <\/div>\n                <div data-colibri-id=\"53-c6\" class=\"h-global-transition-all h-heading style-403 style-local-53-c6 position-relative h-element\">\n                  <!---->\n                  <div class=\"h-heading__outer style-403 style-local-53-c6\">\n                    <!---->\n                    <!---->\n                    <h1 class=\"\">BERACA VALLEY<\/h1>\n                  <\/div>\n                <\/div>\n                <div data-colibri-id=\"53-c7\" class=\"h-text h-text-component style-561 style-local-53-c7 position-relative h-element\">\n                  <!---->\n                  <!---->\n                  <div class=\"\">\n                    <p>Es una empresa de servicios generales, que sirve de instrumento para el&nbsp; &nbsp;cumplimiento del&nbsp; &nbsp;prop\u00f3sito&nbsp; &nbsp;de vida&nbsp; de&nbsp; &nbsp;personas que entendimos, que nos ganamos&nbsp; la&nbsp; &nbsp;vida&nbsp;\n                      &nbsp;con lo&nbsp; &nbsp;que&nbsp; &nbsp;ganamos y ganamos la vida con lo que damos.<\/p>\n                    <p>Comprendimos que para obtener&nbsp; el valor&nbsp; &nbsp;total de&nbsp; &nbsp;la&nbsp; &nbsp;felicidad, debes tener con quien compartirla.<\/p>\n                    <p>De esta manera agradecida, queriendo dar y con alegr\u00eda&nbsp; trabajar, logramos&nbsp; &nbsp;convertimos&nbsp; en&nbsp; los&nbsp; causantes&nbsp; de la&nbsp; tranquilidad&nbsp; de nuestros clientes.<\/p>\n                    <p>\n                      <br>\n                    <\/p>\n                  <\/div>\n                <\/div>\n              <\/div>\n            <\/div>\n          <\/div>\n          <div class=\"h-column h-column-container d-flex h-col-lg-6 h-col-md-6 h-col-12 style-407-outer style-local-53-c8-outer\">\n            <div data-colibri-id=\"53-c8\" class=\"d-flex h-flex-basis h-column__inner h-px-lg-2 h-px-md-2 h-px-2 v-inner-lg-2 v-inner-md-2 v-inner-2 style-407 style-local-53-c8 position-relative\">\n              <!---->\n              <!---->\n              <div class=\"w-100 h-y-container h-column__content h-column__v-align flex-basis-100 align-self-lg-start align-self-md-start align-self-start\">\n                <!---->\n                <div data-colibri-id=\"53-c9\" class=\"d-block style-408 style-local-53-c9 position-relative h-element\">\n                  <!---->\n                  <div class=\"h-image__frame-container-outer\">\n                    <div class=\"h-image__frame-container\">\n                      <!---->\n                      <!---->\n                      <img loading=\"lazy\" width=\"422\" height=\"422\" src=\"https:\/\/beracavalley.com\/wp-content\/uploads\/2021\/03\/cropped-cropped-cropped-Slider-img1.jpg\" class=\"wp-image-1572 style-408-image style-local-53-c9-image\" srcset=\"https:\/\/beracavalley.com\/wp-content\/uploads\/2021\/03\/cropped-cropped-cropped-Slider-img1.jpg 422w, https:\/\/beracavalley.com\/wp-content\/uploads\/2021\/03\/cropped-cropped-cropped-Slider-img1-300x300.jpg 300w, https:\/\/beracavalley.com\/wp-content\/uploads\/2021\/03\/cropped-cropped-cropped-Slider-img1-150x150.jpg 150w, https:\/\/beracavalley.com\/wp-content\/uploads\/2021\/03\/cropped-cropped-cropped-Slider-img1-50x50.jpg 50w\" sizes=\"(max-width: 422px) 100vw, 422px\" alt=\"\" \/>\n                      <div class=\"h-image__frame h-hide-lg h-hide-md h-hide-sm style-408-frameImage style-local-53-c9-frameImage\"><\/div>\n                    <\/div>\n                  <\/div>\n                <\/div>\n              <\/div>\n            <\/div>\n          <\/div>\n          <div class=\"h-column h-column-container d-flex h-col-lg-6 h-col-md-6 h-col-12 style-560-outer style-local-53-c10-outer\">\n            <div data-colibri-id=\"53-c10\" class=\"d-flex h-flex-basis h-column__inner h-ui-empty-state-container h-px-lg-2 h-px-md-2 h-px-2 v-inner-lg-2 v-inner-md-2 v-inner-2 style-560 style-local-53-c10 position-relative\">\n              <!---->\n              <!---->\n              <div class=\"w-100 h-y-container h-column__content h-column__v-align flex-basis-100\">\n                <!---->\n              <\/div>\n            <\/div>\n          <\/div>\n        <\/div>\n      <\/div>\n    <\/div>\n  <\/div>\n  <div data-colibri-component=\"section\" data-colibri-id=\"53-c11\" id=\"about-2\" class=\"h-section h-section-global-spacing d-flex align-items-lg-center align-items-md-center align-items-center style-487 style-local-53-c11 position-relative\">\n    <!---->\n    <!---->\n    <div class=\"h-section-grid-container h-section-boxed-container\">\n      <!---->\n      <div data-colibri-id=\"53-c12\" class=\"h-row-container gutters-row-lg-0 gutters-row-md-0 gutters-row-0 gutters-row-v-lg-0 gutters-row-v-md-0 gutters-row-v-0 style-488 style-local-53-c12 position-relative\">\n        <!---->\n        <div class=\"h-row justify-content-lg-center justify-content-md-center justify-content-center align-items-lg-stretch align-items-md-stretch align-items-stretch gutters-col-lg-0 gutters-col-md-0 gutters-col-0 gutters-col-v-lg-0 gutters-col-v-md-0 gutters-col-v-0\">\n          <!---->\n          <div class=\"h-column h-column-container d-flex h-col-lg-auto h-col-md-auto h-col-auto style-489-outer style-local-53-c13-outer\">\n            <div data-colibri-id=\"53-c13\" class=\"d-flex h-flex-basis h-column__inner h-ui-empty-state-container h-px-lg-0 h-px-md-0 h-px-0 v-inner-lg-0 v-inner-md-0 v-inner-0 style-489 style-local-53-c13 position-relative\">\n              <!---->\n              <!---->\n              <div class=\"w-100 h-y-container h-column__content h-column__v-align flex-basis-100\">\n                <!---->\n              <\/div>\n            <\/div>\n          <\/div>\n          <div class=\"h-column h-column-container d-flex h-col-lg-auto h-col-md-auto h-col-auto style-490-outer style-local-53-c14-outer\">\n            <div data-colibri-id=\"53-c14\" class=\"d-flex h-flex-basis h-column__inner h-px-lg-2 h-px-md-2 h-px-2 v-inner-lg-2 v-inner-md-2 v-inner-2 style-490 style-local-53-c14 position-relative\">\n              <!---->\n              <!---->\n              <div class=\"w-100 h-y-container h-column__content h-column__v-align flex-basis-100 align-self-lg-start align-self-md-start align-self-start\">\n                <!---->\n                <div data-colibri-id=\"53-c15\" class=\"h-text h-text-component style-493 style-local-53-c15 position-relative h-element\">\n                  <!---->\n                  <!---->\n                  <div class=\"\">\n                    <p>En Beraca Valley Services SpA, nos sumergimos dentro de la&nbsp;&nbsp;cultura&nbsp;&nbsp;institucional&nbsp; &nbsp;de&nbsp; &nbsp; &nbsp;nuestros clientes,&nbsp; &nbsp; &nbsp; &nbsp; &nbsp; &nbsp;entendiendo&nbsp; &nbsp; sus&nbsp;\n                      &nbsp; &nbsp;procesos&nbsp; &nbsp; &nbsp; y reconociendo&nbsp;&nbsp;&nbsp;sus&nbsp; &nbsp; &nbsp; necesidades,&nbsp; &nbsp; para&nbsp; &nbsp; &nbsp; &nbsp;ser transmitidas y reforzadas por nuestra estructura. Para&nbsp;&nbsp;lograrlo&nbsp;&nbsp;&nbsp;nuestros&nbsp;\n                      &nbsp; &nbsp; &nbsp;departamentos&nbsp; &nbsp; &nbsp; de capacitaci\u00f3n, comercial y operaciones,&nbsp;est\u00e1n&nbsp; &nbsp; en constante aprendizaje y ense\u00f1anza, minimizando as\u00ed, riesgos o molestias a&nbsp;&nbsp;nuestros&nbsp; &nbsp;\n                      &nbsp;clientes&nbsp;o&nbsp;a sus clientes, durante la prestaci\u00f3n&nbsp;&nbsp;de&nbsp; &nbsp; &nbsp;nuestros servicios, m\u00e1s aun sabiendo&nbsp;&nbsp;que&nbsp;&nbsp;en&nbsp; &nbsp; &nbsp;ocasiones debemos&nbsp; &nbsp; prestar&nbsp; &nbsp;\n                      &nbsp;nuestros&nbsp; &nbsp; &nbsp; &nbsp;servicios,&nbsp; &nbsp; &nbsp;sin interrumpir la labor de nuestros clientes.<\/p>\n                    <p>\n                      <br>\n                    <\/p>\n                    <p>En B.V.S estamos&nbsp; conscientes&nbsp; &nbsp; de&nbsp;&nbsp;la&nbsp; &nbsp; evoluci\u00f3n constante&nbsp;&nbsp;del&nbsp; &nbsp; &nbsp;mundo,&nbsp; &nbsp; &nbsp; por&nbsp; &nbsp; &nbsp; eso&nbsp; &nbsp; &nbsp; nuestro departamento de\n                      I + D + I est\u00e1&nbsp; &nbsp;en&nbsp; &nbsp; permanente b\u00fasqueda de nuevas&nbsp;alternativas&nbsp;&nbsp;de&nbsp; &nbsp; &nbsp;servicios, algunas ligadas&nbsp; &nbsp; &nbsp;a&nbsp; &nbsp; la&nbsp; &nbsp; tecnolog\u00eda,&nbsp; &nbsp; queriendo\n                      sobrepasarlas expectativas de nuestros clientes.<\/p>\n                    <p>\n                      <br>\n                    <\/p>\n                    <p>Nuestro&nbsp;&nbsp;&nbsp;calificado&nbsp; &nbsp; &nbsp;personal,&nbsp; &nbsp; &nbsp;es&nbsp; &nbsp; &nbsp;altamente valorado por nuestra empresa; ellos&nbsp; &nbsp; garantizan el cumplimiento&nbsp;&nbsp;de&nbsp; &nbsp; &nbsp;nuestro&nbsp;\n                      &nbsp; &nbsp; prop\u00f3sito&nbsp; &nbsp; &nbsp;de funcionamiento,&nbsp; &nbsp; &nbsp; &nbsp; generando&nbsp; &nbsp; &nbsp; &nbsp; &nbsp; &nbsp; &nbsp;seguridad, tranquilidad y calidad en&nbsp;nuestros&nbsp; &nbsp; &nbsp;servicios&nbsp;\n                      &nbsp; &nbsp;y productos.<\/p>\n                    <p>\n                      <br>\n                    <\/p>\n                  <\/div>\n                <\/div>\n              <\/div>\n            <\/div>\n          <\/div>\n        <\/div>\n      <\/div>\n    <\/div>\n  <\/div>\n<\/div>","protected":false},"excerpt":{"rendered":"<p>SOBRE BERACA VALLEY Es una empresa de servicios generales, que sirve de instrumento para el&nbsp; &nbsp;cumplimiento del&nbsp; &nbsp;prop\u00f3sito&nbsp; &nbsp;de vida&nbsp; de&nbsp; &nbsp;personas que entendimos, que nos ganamos&nbsp; la&nbsp; &nbsp;vida&nbsp; &nbsp;con lo&nbsp; &nbsp;que&nbsp; &nbsp;ganamos y ganamos la vida con lo que damos. Comprendimos que para obtener&nbsp; el valor&nbsp; &nbsp;total de&nbsp; &nbsp;la&nbsp; &nbsp;felicidad, debes tener con quien [&hellip;]<\/p>\n","protected":false},"author":1,"featured_media":0,"parent":0,"menu_order":0,"comment_status":"closed","ping_status":"closed","template":"page-templates\/full-width-page.php","meta":[],"_links":{"self":[{"href":"https:\/\/beracavalley.com\/index.php?rest_route=\/wp\/v2\/pages\/53"}],"collection":[{"href":"https:\/\/beracavalley.com\/index.php?rest_route=\/wp\/v2\/pages"}],"about":[{"href":"https:\/\/beracavalley.com\/index.php?rest_route=\/wp\/v2\/types\/page"}],"author":[{"embeddable":true,"href":"https:\/\/beracavalley.com\/index.php?rest_route=\/wp\/v2\/users\/1"}],"replies":[{"embeddable":true,"href":"https:\/\/beracavalley.com\/index.php?rest_route=%2Fwp%2Fv2%2Fcomments&post=53"}],"version-history":[{"count":20,"href":"https:\/\/beracavalley.com\/index.php?rest_route=\/wp\/v2\/pages\/53\/revisions"}],"predecessor-version":[{"id":1575,"href":"https:\/\/beracavalley.com\/index.php?rest_route=\/wp\/v2\/pages\/53\/revisions\/1575"}],"wp:attachment":[{"href":"https:\/\/beracavalley.com\/index.php?rest_route=%2Fwp%2Fv2%2Fmedia&parent=53"}],"curies":[{"name":"wp","href":"https:\/\/api.w.org\/{rel}","templated":true}]}}