{"id":57,"date":"2021-03-13T01:26:17","date_gmt":"2021-03-13T01:26:17","guid":{"rendered":"http:\/\/beracavalley.com\/?page_id=57"},"modified":"2024-12-02T17:56:31","modified_gmt":"2024-12-02T17:56:31","slug":"contacto","status":"publish","type":"page","link":"https:\/\/beracavalley.com\/?page_id=57","title":{"rendered":"Contacto"},"content":{"rendered":"<div data-colibri-id=\"57-c1\" class=\"style-451 style-local-57-c1 position-relative\">\n  <!---->\n  <div data-colibri-component=\"section\" data-colibri-id=\"57-c2\" id=\"contact\" class=\"h-section h-section-global-spacing d-flex align-items-lg-center align-items-md-center align-items-center style-501 style-local-57-c2 position-relative\">\n    <div class=\"background-wrapper\">\n      <div class=\"background-layer background-layer-media-container-lg\">\n        <!---->\n        <div class=\"overlay-layer\">\n          <div class=\"overlay-image-layer\" style=\"background-color: rgb(23, 37, 42); opacity: 0.5;\"><\/div>\n        <\/div>\n      <\/div>\n      <div class=\"background-layer background-layer-media-container-md\">\n        <!---->\n        <div class=\"overlay-layer\">\n          <div class=\"overlay-image-layer\" style=\"background-color: rgb(23, 37, 42); opacity: 0.5;\"><\/div>\n        <\/div>\n      <\/div>\n      <div class=\"background-layer background-layer-media-container\">\n        <!---->\n        <div class=\"overlay-layer\">\n          <div class=\"overlay-image-layer\" style=\"background-color: rgb(23, 37, 42); opacity: 0.5;\"><\/div>\n        <\/div>\n      <\/div>\n    <\/div>\n    <!---->\n    <div class=\"h-section-grid-container h-section-boxed-container\">\n      <!---->\n      <div data-colibri-id=\"57-c3\" class=\"h-row-container gutters-row-lg-2 gutters-row-md-2 gutters-row-2 gutters-row-v-lg-2 gutters-row-v-md-2 gutters-row-v-2 style-502 style-local-57-c3 position-relative\">\n        <!---->\n        <div class=\"h-row justify-content-lg-center justify-content-md-center justify-content-center align-items-lg-stretch align-items-md-stretch align-items-stretch gutters-col-lg-2 gutters-col-md-2 gutters-col-2 gutters-col-v-lg-2 gutters-col-v-md-2 gutters-col-v-2\">\n          <!---->\n          <div class=\"h-column h-column-container d-flex h-col-lg-auto h-col-md-auto h-col-auto style-503-outer style-local-57-c4-outer\">\n            <div data-colibri-id=\"57-c4\" class=\"d-flex h-flex-basis h-column__inner h-px-lg-0 h-px-md-0 h-px-0 v-inner-lg-0 v-inner-md-0 v-inner-0 style-503 style-local-57-c4 position-relative\">\n              <!---->\n              <!---->\n              <div class=\"w-100 h-y-container h-column__content h-column__v-align flex-basis-100 align-self-lg-start align-self-md-start align-self-start\">\n                <!---->\n                <div data-colibri-id=\"57-c5\" class=\"h-row-container gutters-row-lg-0 gutters-row-md-0 gutters-row-0 gutters-row-v-lg-0 gutters-row-v-md-0 gutters-row-v-0 style-504 style-local-57-c5 position-relative\">\n                  <!---->\n                  <div class=\"h-row justify-content-lg-center justify-content-md-center justify-content-center align-items-lg-stretch align-items-md-stretch align-items-stretch gutters-col-lg-0 gutters-col-md-0 gutters-col-0 gutters-col-v-lg-0 gutters-col-v-md-0 gutters-col-v-0\">\n                    <!---->\n                    <div class=\"h-column h-column-container d-flex h-col-lg-auto h-col-md-auto h-col-auto style-505-outer style-local-57-c6-outer\">\n                      <div data-colibri-id=\"57-c6\" class=\"d-flex h-flex-basis h-column__inner h-px-lg-0 h-px-md-0 h-px-0 v-inner-lg-0 v-inner-md-0 v-inner-0 style-505 style-local-57-c6 position-relative\">\n                        <!---->\n                        <!---->\n                        <div class=\"w-100 h-y-container h-column__content h-column__v-align flex-basis-100 align-self-lg-center align-self-md-center align-self-center\">\n                          <!---->\n                          <div data-colibri-id=\"57-c7\" class=\"h-global-transition-all h-heading style-506 style-local-57-c7 position-relative h-element\">\n                            <!---->\n                            <div class=\"h-heading__outer style-506 style-local-57-c7\">\n                              <!---->\n                              <!---->\n                              <h4 class=\"\">\u00a1AQU\u00cd te ayudamos a&nbsp; COTIZAR UN TRABAJO!<\/h4>\n                            <\/div>\n                          <\/div>\n                          <div data-colibri-id=\"57-c8\" class=\"h-icon style-507 style-local-57-c8 position-relative h-element\">\n                            <!----><span class=\"h-svg-icon h-icon__icon style-507-icon style-local-57-c8-icon\"><!--Icon by Font Awesome (https:\/\/fontawesome.com)--><svg version=\"1.1\" xmlns=\"http:\/\/www.w3.org\/2000\/svg\" xmlns:xlink=\"http:\/\/www.w3.org\/1999\/xlink\" id=\"phone\" viewBox=\"0 0 1408 1896.0833\"><path d=\"M1408 1240q0 27-10 70.5t-21 68.5q-21 50-122 106-94 51-186 51-27 0-53-3.5t-57.5-12.5-47-14.5T856 1485t-49-18q-98-35-175-83-127-79-264-216T152 904q-48-77-83-175-3-9-18-49t-20.5-55.5-14.5-47T3.5 520 0 467q0-92 51-186 56-101 106-122 25-11 68.5-21t70.5-10q14 0 21 3 18 6 53 76 11 19 30 54t35 63.5 31 53.5q3 4 17.5 25t21.5 35.5 7 28.5q0 20-28.5 50t-62 55-62 53-28.5 46q0 9 5 22.5t8.5 20.5 14 24 11.5 19q76 137 174 235t235 174q2 1 19 11.5t24 14 20.5 8.5 22.5 5q18 0 46-28.5t53-62 55-62 50-28.5q14 0 28.5 7t35.5 21.5 25 17.5q25 15 53.5 31t63.5 35 54 30q70 35 76 53 3 7 3 21z\"><\/path><\/svg><\/span><\/div>\n                          <div\n                            data-colibri-id=\"57-c9\" class=\"h-global-transition-all h-heading style-508 style-local-57-c9 position-relative h-element\">\n                            <!---->\n                            <div class=\"h-heading__outer style-508 style-local-57-c9\">\n                              <!---->\n                              <!---->\n                              <h5 class=\"\">Escr\u00edbenos o S\u00edguenos en Nuestras Redes Sociales<\/h5>\n                            <\/div>\n                        <\/div>\n                        <div data-colibri-id=\"57-c10\" class=\"style-509 style-local-57-c10 position-relative h-element\">\n                          <!---->\n                          <div class=\"d-flex flex-wrap h-social-icons justify-content-lg-center justify-content-md-center justify-content-center\">\n                            <div class=\"social-icon-container d-inline-flex\">\n                              <div class=\"icon-container h-social-icon h-global-transition\">\n                                <div class=\"h-icon-svg\" style=\"width: 100%; height: 100%;\">\n                                  <!--Icon by Socicon (http:\/\/www.socicon.com)-->\n                                  <svg version=\"1.1\" xmlns=\"http:\/\/www.w3.org\/2000\/svg\" viewBox=\"0 0 1500 1500\">\n\n                                    <path d=\"M867.188 1500v-685.547h228.516l35.156-266.602h-263.672v-169.922c0-76.172 20.508-128.906 131.836-128.906h140.625v-237.305c-23.438-5.859-108.398-11.719-205.078-11.719-205.078 0-342.773 123.047-342.773 351.563v196.289h-231.445v266.602h231.445v685.547z\"><\/path>\n                                  <\/svg>\n                                <\/div>\n                              <\/div>\n                            <\/div>\n                            <div class=\"social-icon-container d-inline-flex\">\n                              <div class=\"icon-container h-social-icon h-global-transition\">\n                                <div class=\"h-icon-svg\" style=\"width: 100%; height: 100%;\">\n                                  <!--Icon by Socicon (http:\/\/www.socicon.com)-->\n                                  <svg version=\"1.1\" xmlns=\"http:\/\/www.w3.org\/2000\/svg\" viewBox=\"0 0 1500 1500\">\n\n                                    <path d=\"M750 134.766c202.148 0 222.656 2.93 301.758 5.859 76.172 2.93 114.258 14.648 140.625 23.438 35.156 14.648 61.523 32.227 84.961 55.664 26.367 26.367 43.945 52.734 55.664 84.961 11.719 29.297 23.438 67.383 26.367 140.625 2.93 82.031 5.859 102.539 5.859 304.688s-2.93 222.656-5.859 301.758c-2.93 76.172-14.648 114.258-23.438 140.625-14.648 35.156-32.227 61.523-55.664 84.961-26.367 26.367-52.734 43.945-84.961 55.664-29.297 11.719-67.383 23.438-140.625 26.367-82.031 2.93-102.539 5.859-304.688 5.859s-222.656-2.93-301.758-5.859c-76.172-2.93-114.258-14.648-140.625-23.438-35.156-14.648-61.523-32.227-84.961-55.664-26.367-26.367-43.945-52.734-55.664-84.961-11.719-29.297-23.438-67.383-26.367-140.625-2.93-82.031-5.859-102.539-5.859-304.688s2.93-222.656 5.859-301.758c2.93-76.172 14.648-114.258 23.438-140.625 14.648-35.156 32.227-61.523 55.664-84.961 26.367-26.367 52.734-43.945 84.961-55.664 29.297-11.719 67.383-23.438 140.625-26.367 82.031-2.93 102.539-5.859 304.688-5.859M750 0c-205.078 0-228.516 2.93-307.617 5.859-82.031 2.93-137.695 14.648-181.641 32.227-49.805 20.508-93.75 46.875-134.766 87.891s-67.383 84.961-87.891 134.766c-17.578 46.875-29.297 99.609-32.227 181.641-2.93 79.102-5.859 102.539-5.859 307.617s2.93 228.516 5.859 307.617c2.93 82.031 14.648 137.695 32.227 181.641 20.508 49.805 46.875 93.75 87.891 134.766s84.961 67.383 134.766 87.891c46.875 17.578 99.609 29.297 181.641 32.227 79.102 2.93 102.539 5.859 307.617 5.859s228.516-2.93 307.617-5.859c82.031-2.93 137.695-14.648 181.641-32.227 49.805-20.508 93.75-46.875 134.766-87.891s67.383-84.961 87.891-134.766c17.578-46.875 29.297-99.609 32.227-181.641 2.93-79.102 5.859-102.539 5.859-307.617s-2.93-228.516-5.859-307.617c-2.93-82.031-14.648-137.695-32.227-181.641-20.508-49.805-46.875-93.75-87.891-134.766s-84.961-67.383-134.766-87.891c-46.875-17.578-99.609-29.297-181.641-32.227-79.102-2.93-102.539-5.859-307.617-5.859zM750 363.281c-213.867 0-386.719 172.852-386.719 386.719s172.852 386.719 386.719 386.719c213.867 0 386.719-172.852 386.719-386.719s-172.852-386.719-386.719-386.719zM750 1001.953c-137.695 0-251.953-114.258-251.953-251.953s114.258-251.953 251.953-251.953c137.695 0 251.953 114.258 251.953 251.953s-114.258 251.953-251.953 251.953zM1239.258 348.633c0 49.805-38.086 90.82-87.891 90.82s-90.82-41.016-90.82-90.82c0-49.805 41.016-87.891 90.82-87.891s87.891 38.086 87.891 87.891z\"><\/path>\n                                  <\/svg>\n                                <\/div>\n                              <\/div>\n                            <\/div>\n                            <div class=\"social-icon-container d-inline-flex\">\n                              <div class=\"icon-container h-social-icon h-global-transition\">\n                                <div class=\"h-icon-svg\" style=\"width: 100%; height: 100%;\">\n                                  <!--Icon by Socicon (http:\/\/www.socicon.com)-->\n                                  <svg version=\"1.1\" xmlns=\"http:\/\/www.w3.org\/2000\/svg\" viewBox=\"0 0 1500 1500\">\n\n                                    <path d=\"M1122.070 767.578c-20.508-23.438-55.664-35.156-105.469-35.156-64.453 0-108.398 20.508-134.766 55.664-26.367 38.086-38.086 90.82-38.086 158.203v512.695c0 8.789-2.93 17.578-11.719 26.367-5.859 5.859-17.578 11.719-26.367 11.719h-269.531c-8.789 0-17.578-5.859-26.367-11.719-5.859-8.789-11.719-17.578-11.719-26.367v-946.289c0-8.789 5.859-17.578 11.719-26.367 8.789-5.859 17.578-11.719 26.367-11.719h260.742c8.789 0 17.578 2.93 23.438 5.859s8.789 11.719 11.719 20.508c0 8.789 2.93 17.578 2.93 20.508s0 11.719 0 23.438c67.383-64.453 158.203-93.75 266.602-93.75 125.977 0 222.656 29.297 292.969 90.82 70.313 64.453 105.469 155.273 105.469 278.32v638.672c0 8.789-2.93 17.578-11.719 26.367-5.859 5.859-17.578 11.719-26.367 11.719h-275.391c-8.789 0-17.578-5.859-26.367-11.719-5.859-8.789-11.719-17.578-11.719-26.367v-577.148c0-49.805-8.789-87.891-26.367-114.258zM310.547 313.477c-35.156 35.156-79.102 52.734-128.906 52.734s-93.75-17.578-128.906-52.734c-35.156-35.156-52.734-76.172-52.734-128.906 0-49.805 17.578-90.82 52.734-125.977s79.102-55.664 128.906-55.664c49.805 0 93.75 20.508 128.906 55.664s52.734 76.172 52.734 125.977c0 52.734-17.578 93.75-52.734 128.906zM354.492 512.695v946.289c0 8.789-5.859 17.578-11.719 26.367-8.789 5.859-17.578 11.719-26.367 11.719h-269.531c-8.789 0-17.578-5.859-26.367-11.719-5.859-8.789-11.719-17.578-11.719-26.367v-946.289c0-8.789 5.859-17.578 11.719-26.367 8.789-5.859 17.578-11.719 26.367-11.719h269.531c8.789 0 17.578 5.859 26.367 11.719 5.859 8.789 11.719 17.578 11.719 26.367z\"><\/path>\n                                  <\/svg>\n                                <\/div>\n                              <\/div>\n                            <\/div>\n                          <\/div>\n                        <\/div>\n                      <\/div>\n                    <\/div>\n                  <\/div>\n                  <div class=\"h-column h-column-container d-flex h-col-lg-auto h-col-md-auto h-col-auto style-510-outer style-local-57-c11-outer\">\n                    <div data-colibri-id=\"57-c11\" class=\"d-flex h-flex-basis h-column__inner h-px-lg-0 h-px-md-0 h-px-0 v-inner-lg-0 v-inner-md-0 v-inner-0 style-510 style-local-57-c11 position-relative\">\n                      <!---->\n                      <!---->\n                      <div class=\"w-100 h-y-container h-column__content h-column__v-align flex-basis-100 align-self-lg-center align-self-md-center align-self-center\">\n                        <!---->\n                        <div data-colibri-id=\"57-c12\" class=\"style-511 style-local-57-c12 position-relative h-element\">\n                          <!---->\n                          <div class=\"h-global-transition-all h-global-transition h-global-transition-all h-contact-form-shortcode\"><div class=\"wpforms-container wpforms-container-full\" id=\"wpforms-183\"><form id=\"wpforms-form-183\" class=\"wpforms-validate wpforms-form\" data-formid=\"183\" method=\"post\" enctype=\"multipart\/form-data\" action=\"\/index.php?rest_route=%2Fwp%2Fv2%2Fpages%2F57\" data-token=\"7be7166383dc251b17f39ebe6390d082\" data-token-time=\"1776429272\"><noscript class=\"wpforms-error-noscript\">Please enable JavaScript in your browser to complete this form.<\/noscript><div class=\"wpforms-field-container\"><div id=\"wpforms-183-field_0-container\" class=\"wpforms-field wpforms-field-name\" data-field-id=\"0\"><label class=\"wpforms-field-label\">Datos Personales <span class=\"wpforms-required-label\">*<\/span><\/label><div class=\"wpforms-field-row wpforms-field-large\"><div class=\"wpforms-field-row-block wpforms-first wpforms-one-half\"><input type=\"text\" id=\"wpforms-183-field_0\" class=\"wpforms-field-name-first wpforms-field-required\" name=\"wpforms[fields][0][first]\" required><label for=\"wpforms-183-field_0\" class=\"wpforms-field-sublabel after\">First<\/label><\/div><div class=\"wpforms-field-row-block wpforms-one-half\"><input type=\"text\" id=\"wpforms-183-field_0-last\" class=\"wpforms-field-name-last wpforms-field-required\" name=\"wpforms[fields][0][last]\" required><label for=\"wpforms-183-field_0-last\" class=\"wpforms-field-sublabel after\">Last<\/label><\/div><\/div><\/div><div id=\"wpforms-183-field_1-container\" class=\"wpforms-field wpforms-field-email\" data-field-id=\"1\"><label class=\"wpforms-field-label\" for=\"wpforms-183-field_1\">Correo Electr\u00f3nico <span class=\"wpforms-required-label\">*<\/span><\/label><input type=\"email\" id=\"wpforms-183-field_1\" class=\"wpforms-field-small wpforms-field-required\" name=\"wpforms[fields][1]\" spellcheck=\"false\" required><\/div><div id=\"wpforms-183-field_5-container\" class=\"wpforms-field wpforms-field-number\" data-field-id=\"5\"><label class=\"wpforms-field-label\" for=\"wpforms-183-field_5\">N\u00famero Tel\u00e9fonico <span class=\"wpforms-required-label\">*<\/span><\/label><input type=\"number\" id=\"wpforms-183-field_5\" class=\"wpforms-field-small wpforms-field-required\" name=\"wpforms[fields][5]\" required><\/div><div id=\"wpforms-183-field_2-container\" class=\"wpforms-field wpforms-field-textarea\" data-field-id=\"2\"><label class=\"wpforms-field-label\" for=\"wpforms-183-field_2\">D\u00e9janos tu Mensaje <span class=\"wpforms-required-label\">*<\/span><\/label><textarea id=\"wpforms-183-field_2\" class=\"wpforms-field-large wpforms-field-required\" name=\"wpforms[fields][2]\" required><\/textarea><\/div><\/div><!-- .wpforms-field-container --><div class=\"wpforms-field wpforms-field-hp\"><label for=\"wpforms-183-field-hp\" class=\"wpforms-field-label\">Name<\/label><input type=\"text\" name=\"wpforms[hp]\" id=\"wpforms-183-field-hp\" class=\"wpforms-field-medium\"><\/div><div class=\"wpforms-submit-container\" ><input type=\"hidden\" name=\"wpforms[id]\" value=\"183\"><input type=\"hidden\" name=\"page_title\" value=\"\"><input type=\"hidden\" name=\"page_url\" value=\"https:\/\/beracavalley.com\/index.php?rest_route=%2Fwp%2Fv2%2Fpages%2F57\"><button type=\"submit\" name=\"wpforms[submit]\" id=\"wpforms-submit-183\" class=\"wpforms-submit button color1\" data-alt-text=\"Enviando...\" data-submit-text=\"Enviar\" aria-live=\"assertive\" value=\"wpforms-submit\">Enviar<\/button><\/div><\/form><\/div>  <!-- .wpforms-container --><\/div>\n                        <\/div>\n                      <\/div>\n                    <\/div>\n                  <\/div>\n                <\/div>\n              <\/div>\n            <\/div>\n          <\/div>\n        <\/div>\n      <\/div>\n    <\/div>\n  <\/div>\n<\/div>\n<\/div>","protected":false},"excerpt":{"rendered":"<p>\u00a1AQU\u00cd te ayudamos a&nbsp; COTIZAR UN TRABAJO! Escr\u00edbenos o S\u00edguenos en Nuestras Redes Sociales<\/p>\n","protected":false},"author":1,"featured_media":0,"parent":0,"menu_order":0,"comment_status":"closed","ping_status":"closed","template":"page-templates\/full-width-page.php","meta":[],"_links":{"self":[{"href":"https:\/\/beracavalley.com\/index.php?rest_route=\/wp\/v2\/pages\/57"}],"collection":[{"href":"https:\/\/beracavalley.com\/index.php?rest_route=\/wp\/v2\/pages"}],"about":[{"href":"https:\/\/beracavalley.com\/index.php?rest_route=\/wp\/v2\/types\/page"}],"author":[{"embeddable":true,"href":"https:\/\/beracavalley.com\/index.php?rest_route=\/wp\/v2\/users\/1"}],"replies":[{"embeddable":true,"href":"https:\/\/beracavalley.com\/index.php?rest_route=%2Fwp%2Fv2%2Fcomments&post=57"}],"version-history":[{"count":15,"href":"https:\/\/beracavalley.com\/index.php?rest_route=\/wp\/v2\/pages\/57\/revisions"}],"predecessor-version":[{"id":1492,"href":"https:\/\/beracavalley.com\/index.php?rest_route=\/wp\/v2\/pages\/57\/revisions\/1492"}],"wp:attachment":[{"href":"https:\/\/beracavalley.com\/index.php?rest_route=%2Fwp%2Fv2%2Fmedia&parent=57"}],"curies":[{"name":"wp","href":"https:\/\/api.w.org\/{rel}","templated":true}]}}